
{"id":151,"date":"2025-04-25T02:50:22","date_gmt":"2025-04-24T22:50:22","guid":{"rendered":"\/az\/?page_id=151"},"modified":"2026-02-06T13:00:31","modified_gmt":"2026-02-06T09:00:31","slug":"about","status":"publish","type":"page","link":"https:\/\/findplaces.az\/az\/about\/","title":{"rendered":"Sayt haqq\u0131nda"},"content":{"rendered":"\n<p><strong>FindPlaces.az<\/strong> \u2014 s\u0259yah\u0259t\u00e7il\u0259r, turizm obyektl\u0259rinin sahibl\u0259ri v\u0259 bu sah\u0259nin m\u00fct\u0259x\u0259ssisl\u0259ri \u00fc\u00e7\u00fcn m\u00fcasir turizm platformas\u0131 v\u0259 rahat r\u0259q\u0259msal al\u0259tdir. Biz s\u0259yah\u0259tl\u0259rin axtar\u0131\u015f\u0131, planla\u015fd\u0131r\u0131lmas\u0131 v\u0259 turizm biznesinin idar\u0259 olunmas\u0131 \u00fc\u00e7\u00fcn laz\u0131m olan h\u0259r \u015feyi bir platformada birl\u0259\u015fdirmi\u015fik.<\/p>\n\n\n\n<p>Platformada siz a\u015fa\u011f\u0131dak\u0131 imkanlar\u0131 \u0259ld\u0259 edirsiniz:<\/p>\n\n\n\n<p>\ud83d\udd0d <strong>A\u011f\u0131ll\u0131 axtar\u0131\u015f v\u0259 interaktiv x\u0259rit\u0259<\/strong> \u2014 otell\u0259ri, apartamentl\u0259ri, g\u00f6rm\u0259li yerl\u0259ri, kafel\u0259ri, restoranlar\u0131 v\u0259 dig\u0259r obyektl\u0259ri x\u0259rit\u0259 v\u0259 geni\u015f filtr sistemi vasit\u0259sil\u0259 asanl\u0131qla tap\u0131n. Axtar\u0131\u015f radiusa, ulduz say\u0131na, \u00f6d\u0259ni\u015f n\u00f6v\u00fcn\u0259, qidalanma n\u00f6v\u00fcn\u0259, obyektin statusuna v\u0259 dig\u0259r parametrl\u0259r\u0259 g\u00f6r\u0259 m\u00fcmk\u00fcnd\u00fcr.<\/p>\n\n\n\n<p>\ud83c\udfe8 <strong>Onlayn bronla\u015fd\u0131rma<\/strong> \u2014 otell\u0259ri v\u0259 apartamentl\u0259ri birba\u015fa sayt \u00fcz\u0259rind\u0259n bron edin. Obyekt sahibl\u0259ri onlayn bronla\u015fd\u0131rman\u0131 ist\u0259dikl\u0259ri vaxt aktiv v\u0259 ya deaktiv ed\u0259 bil\u0259rl\u0259r.<\/p>\n\n\n\n<p>\ud83c\udf0d <strong>Haz\u0131r turlar v\u0259 b\u0259l\u0259d\u00e7il\u0259r<\/strong> \u2014 yeni mar\u015frutlar k\u0259\u015ff edin, s\u0259yah\u0259t ideyalar\u0131ndan ilham al\u0131n v\u0259 s\u0259f\u0259rl\u0259rinizi \u0259vv\u0259lc\u0259d\u0259n planla\u015fd\u0131r\u0131n.<\/p>\n\n\n\n<p>\ud83d\udcbc <strong>Turizm sah\u0259sind\u0259 vakansiyalar<\/strong> \u2014 otell\u0259r v\u0259 turizm \u015firk\u0259tl\u0259ri \u00fc\u00e7\u00fcn vakansiyalar\u0131n yerl\u0259\u015fdirilm\u0259si v\u0259 axtar\u0131\u015f\u0131: inzibati, \u0259m\u0259liyyat, maliyy\u0259 v\u0259 IT v\u0259zif\u0259l\u0259ri daxil olmaqla.<\/p>\n\n\n\n<p>\ud83d\udecf <strong>Obyektl\u0259rin \u0259trafl\u0131 s\u0259hif\u0259l\u0259ri<\/strong> \u2014 xidm\u0259tl\u0259r, otaq n\u00f6vl\u0259ri, \u015f\u0259rait, infrastruktur v\u0259 dig\u0259r vacib m\u0259lumatlar.<\/p>\n\n\n\n<p>\ud83d\udcf8 <strong>Foto v\u0259 video qalereyalar<\/strong> \u2014 m\u0259kana getm\u0259zd\u0259n \u0259vv\u0259l onu vizual olaraq qiym\u0259tl\u0259ndirin.<\/p>\n\n\n\n<p>\u2b50 <strong>Reytinql\u0259r v\u0259 r\u0259yl\u0259r<\/strong> \u2014 real istifad\u0259\u00e7il\u0259rin verdiyi qiym\u0259tl\u0259r v\u0259 \u015f\u0259rhl\u0259r \u0259sas\u0131nda formala\u015fan \u015f\u0259ffaf reputasiya.<\/p>\n\n\n\n<p>\ud83e\udd16 <strong>S\u00fcni intellektl\u0259 interaktiv \u00e7at<\/strong> \u2014 istifad\u0259\u00e7il\u0259r konkret otel v\u0259 ya obyekt haqq\u0131nda sual ver\u0259 v\u0259 cavab\u0131 h\u0259m sayt \u00e7at\u0131nda, h\u0259m d\u0259 Telegram \u00fcz\u0259rind\u0259n ala bil\u0259rl\u0259r. Cavab avtomatik olaraq obyekt sahibin\u0259 d\u0259 g\u00f6nd\u0259rilir.<\/p>\n\n\n\n<p>\ud83d\udcf2 <strong>Obyekt sahibl\u0259ri \u00fc\u00e7\u00fcn Telegram-bot<\/strong> \u2014 sayt\u0131n birba\u015fa Telegram \u00fcz\u0259rind\u0259n idar\u0259 olunmas\u0131 imkan\u0131:<\/p>\n\n\n\n<ul class=\"wp-block-list\">\n<li>bronlar\u0131n idar\u0259 edilm\u0259si;<\/li>\n\n\n\n<li>vakansiyalar\u0131n yerl\u0259\u015fdirilm\u0259si v\u0259 redakt\u0259si;<\/li>\n\n\n\n<li>foto\u015f\u0259kill\u0259rin y\u00fckl\u0259nm\u0259si;<\/li>\n\n\n\n<li>qonaqlar\u0131n suallar\u0131na cavab verilm\u0259si;<\/li>\n\n\n\n<li>bildiri\u015fl\u0259rin v\u0259 r\u0259ylar\u0131n al\u0131nmas\u0131.<\/li>\n<\/ul>\n\n\n\n<p>\ud83c\udfe8 <strong>Obyekt sahibl\u0259ri \u00fc\u00e7\u00fcn rahat qo\u015fulma<\/strong> \u2014 otel sahibi:<\/p>\n\n\n\n<ul class=\"wp-block-list\">\n<li>\u00f6z\u00fc qeydiyyatdan ke\u00e7\u0259 v\u0259 idar\u0259etm\u0259 h\u00fcquqlar\u0131 ala bil\u0259r;<\/li>\n\n\n\n<li>Telegram vasit\u0259sil\u0259 biz\u0259 m\u00fcraci\u0259t ed\u0259 bil\u0259r;<\/li>\n\n\n\n<li>obyekt m\u0259lumatlar\u0131n\u0131 g\u00f6nd\u0259r\u0259r\u0259k d\u0259rc etdir\u0259 bil\u0259r;<\/li>\n\n\n\n<li>sayt \u00fcz\u0259rind\u0259n obyekt \u0259lav\u0259 etm\u0259 formas\u0131ndan istifad\u0259 ed\u0259 bil\u0259r.<\/li>\n<\/ul>\n\n\n\n<p>\ud83d\udd0e <strong>Geni\u015fl\u0259ndirilmi\u015f filtrl\u0259r<\/strong> \u2014 Wi-Fi (pulsuz v\u0259 ya \u00f6d\u0259ni\u015fli), hovuz, d\u0259niz, da\u011flar, \u00e7ay, istirah\u0259t n\u00f6v\u00fc v\u0259 dig\u0259r vacib meyarlara g\u00f6r\u0259 axtar\u0131\u015f.<\/p>\n\n\n\n<p><strong>FindPlaces.az<\/strong> \u2014 turizm \u00fc\u00e7\u00fcn tam funksional r\u0259q\u0259msal ekosistemdir. Burada texnologiya, avtomatla\u015fd\u0131rma v\u0259 rahatl\u0131q h\u0259m s\u0259yah\u0259t\u00e7il\u0259r, h\u0259m d\u0259 biznes \u00fc\u00e7\u00fcn i\u015fl\u0259yir.<\/p>\n\n\n\n<hr class=\"wp-block-separator has-alpha-channel-opacity\"\/>\n\n\n\n<p>Dinl\u0259m\u0259k<\/p>\n\n\n\n<figure class=\"wp-block-audio\"><audio controls src=\"\/files\/aboutus_az.mp3\"><\/audio><\/figure>\n\n\n\n<p><\/p>\n","protected":false},"excerpt":{"rendered":"<p>FindPlaces.az \u2014 s\u0259yah\u0259t\u00e7il\u0259r, turizm obyektl\u0259rinin sahibl\u0259ri v\u0259 bu sah\u0259nin m\u00fct\u0259x\u0259ssisl\u0259ri \u00fc\u00e7\u00fcn m\u00fcasir turizm platformas\u0131 v\u0259 rahat r\u0259q\u0259msal al\u0259tdir. Biz s\u0259yah\u0259tl\u0259rin axtar\u0131\u015f\u0131, planla\u015fd\u0131r\u0131lmas\u0131 v\u0259 turizm biznesinin idar\u0259 olunmas\u0131 \u00fc\u00e7\u00fcn laz\u0131m olan h\u0259r \u015feyi bir platformada birl\u0259\u015fdirmi\u015fik. Platformada siz a\u015fa\u011f\u0131dak\u0131 imkanlar\u0131 \u0259ld\u0259 edirsiniz: \ud83d\udd0d A\u011f\u0131ll\u0131 axtar\u0131\u015f v\u0259 interaktiv x\u0259rit\u0259 \u2014 otell\u0259ri, apartamentl\u0259ri, g\u00f6rm\u0259li yerl\u0259ri, kafel\u0259ri, restoranlar\u0131 v\u0259 [&hellip;]<\/p>\n","protected":false},"author":1,"featured_media":0,"parent":0,"menu_order":0,"comment_status":"closed","ping_status":"closed","template":"","meta":{"footnotes":""},"class_list":["post-151","page","type-page","status-publish","hentry"],"_links":{"self":[{"href":"https:\/\/findplaces.az\/az\/wp-json\/wp\/v2\/pages\/151","targetHints":{"allow":["GET"]}}],"collection":[{"href":"https:\/\/findplaces.az\/az\/wp-json\/wp\/v2\/pages"}],"about":[{"href":"https:\/\/findplaces.az\/az\/wp-json\/wp\/v2\/types\/page"}],"author":[{"embeddable":true,"href":"https:\/\/findplaces.az\/az\/wp-json\/wp\/v2\/users\/1"}],"replies":[{"embeddable":true,"href":"https:\/\/findplaces.az\/az\/wp-json\/wp\/v2\/comments?post=151"}],"version-history":[{"count":0,"href":"https:\/\/findplaces.az\/az\/wp-json\/wp\/v2\/pages\/151\/revisions"}],"wp:attachment":[{"href":"https:\/\/findplaces.az\/az\/wp-json\/wp\/v2\/media?parent=151"}],"curies":[{"name":"wp","href":"https:\/\/api.w.org\/{rel}","templated":true}]}}