
{"id":153,"date":"2025-04-25T03:01:48","date_gmt":"2025-04-24T23:01:48","guid":{"rendered":"\/az\/?page_id=153"},"modified":"2026-02-13T00:42:36","modified_gmt":"2026-02-12T20:42:36","slug":"contacts","status":"publish","type":"page","link":"https:\/\/findplaces.az\/az\/contacts\/","title":{"rendered":"\u018flaq\u0259"},"content":{"rendered":"\n<p>Hal-haz\u0131rda obyektl\u0259rin \u00f6z\u00fcn\u00fcz t\u0259r\u0259find\u0259n \u0259lav\u0259 olunmas\u0131 m\u00fcmk\u00fcn deyil.<br>\u018fg\u0259r obyekt yerl\u0259\u015fdirm\u0259k ist\u0259yirsinizs\u0259 v\u0259 ya saytla ba\u011fl\u0131 sual\u0131n\u0131z varsa, a\u015fa\u011f\u0131dak\u0131 forma vasit\u0259sil\u0259 biziml\u0259 \u0259laq\u0259 saxlay\u0131n.<\/p>\n\n\n\n<p>\u2757\ufe0f<strong>Xahi\u015f edirik, administrasiyaya yaln\u0131z inzibati m\u0259s\u0259l\u0259l\u0259rl\u0259 ba\u011fl\u0131 m\u00fcraci\u0259t edin!<\/strong><br>\u018fg\u0259r saytda n\u0259yins\u0259 siz\u0259 ayd\u0131n olmad\u0131\u011f\u0131 hallar v\u0259 ya t\u0259klifl\u0259riniz varsa \u2014 biz\u0259 rahatl\u0131qla yaza bil\u0259rsiniz.<\/p>\n\n\n\n<p>\ud83d\udcec \u018fn q\u0131sa zamanda siz\u0259 cavab ver\u0259c\u0259yik.<\/p>\n\n\n\n<hr class=\"wp-block-separator has-alpha-channel-opacity\"\/>\n\n\n\n        <div class=\"feedback-container\">\n            <h3 class=\"feedback-title\">Biz\u0259 mesaj g\u00f6nd\u0259rin<\/h3>\n            <form id=\"feedback-form\" class=\"feedback-form\" data-lang=\"az\">\n                <div class=\"feedback-row\">\n                    <div class=\"feedback-field\">\n                        <label for=\"firstName\" class=\"feedback-label\">Ad<\/label>\n                        <input type=\"text\" id=\"firstName\" name=\"firstName\" class=\"feedback-input\" placeholder=\"Ad\u0131n\u0131z\u0131 daxil edin\" value=\"\" required>\n                    <\/div>\n                    <div class=\"feedback-field\">\n                        <label for=\"lastName\" class=\"feedback-label\">Soyad<\/label>\n                        <input type=\"text\" id=\"lastName\" name=\"lastName\" class=\"feedback-input\" placeholder=\"Soyad\u0131n\u0131z\u0131 daxil edin\" value=\"\" required>\n                    <\/div>\n                <\/div>\n\n                <div class=\"feedback-field\">\n                    <label for=\"email\" class=\"feedback-label\">E-po\u00e7t<\/label>\n                    <input type=\"email\" id=\"email\" name=\"email\" class=\"feedback-input\" placeholder=\"E-po\u00e7t \u00fcnvan\u0131n\u0131z\u0131 daxil edin\" value=\"\" required>\n                <\/div>\n\n                <div class=\"feedback-field\">\n                    <label for=\"subject\" class=\"feedback-label\">M\u00f6vzu<\/label>\n                    <select id=\"subject\" name=\"subject\" class=\"feedback-input\" required>\n                        <option value=\"\">M\u00f6vzu se\u00e7in<\/option>\n                        <option value=\"general\">\u00dcmumi sor\u011fu<\/option>\n                        <option value=\"support\">Texniki d\u0259st\u0259k<\/option>\n                        <option value=\"partnership\">T\u0259r\u0259fda\u015fl\u0131q<\/option>\n                        <option value=\"feedback\">R\u0259y<\/option>\n                    <\/select>\n                <\/div>\n\n                <div class=\"feedback-field\">\n                    <label for=\"message\" class=\"feedback-label\">Mesaj<\/label>\n                    <textarea id=\"message\" name=\"message\" rows=\"5\" class=\"feedback-input feedback-textarea\" placeholder=\"Biz\u0259 nec\u0259 k\u00f6m\u0259k ed\u0259 bil\u0259c\u0259yimizi s\u00f6yl\u0259yin...\" required><\/textarea>\n                <\/div>\n\n                                <div class=\"feedback-field\">\n                    <div class=\"g-recaptcha\" data-sitekey=\"6LeKpGksAAAAAN0o-9RZp_PRGlvkT56Y5NsbaN7S\"><\/div>\n                <\/div>\n                \n                <button type=\"submit\" class=\"feedback-submit\">\n                    <svg xmlns=\"http:\/\/www.w3.org\/2000\/svg\" width=\"24\" height=\"24\" viewBox=\"0 0 24 24\" fill=\"none\" stroke=\"currentColor\" stroke-width=\"2\" stroke-linecap=\"round\" stroke-linejoin=\"round\" class=\"feedback-icon\">\n                        <path d=\"M14.536 21.686a.5.5 0 0 0 .937-.024l6.5-19a.496.496 0 0 0-.635-.635l-19 6.5a.5.5 0 0 0-.024.937l7.93 3.18a2 2 0 0 1 1.112 1.11z\"><\/path>\n                        <path d=\"m21.854 2.147-10.94 10.939\"><\/path>\n                    <\/svg>\n                    <span class=\"feedback-submit-text\">Mesaj g\u00f6nd\u0259r<\/span>\n                <\/button>\n\n                <div class=\"feedback-message\" id=\"feedback-message\"><\/div>\n            <\/form>\n        <\/div>\n        \n","protected":false},"excerpt":{"rendered":"<p>Hal-haz\u0131rda obyektl\u0259rin \u00f6z\u00fcn\u00fcz t\u0259r\u0259find\u0259n \u0259lav\u0259 olunmas\u0131 m\u00fcmk\u00fcn deyil.\u018fg\u0259r obyekt yerl\u0259\u015fdirm\u0259k ist\u0259yirsinizs\u0259 v\u0259 ya saytla ba\u011fl\u0131 sual\u0131n\u0131z varsa, a\u015fa\u011f\u0131dak\u0131 forma vasit\u0259sil\u0259 biziml\u0259 \u0259laq\u0259 saxlay\u0131n. \u2757\ufe0fXahi\u015f edirik, administrasiyaya yaln\u0131z inzibati m\u0259s\u0259l\u0259l\u0259rl\u0259 ba\u011fl\u0131 m\u00fcraci\u0259t edin!\u018fg\u0259r saytda n\u0259yins\u0259 siz\u0259 ayd\u0131n olmad\u0131\u011f\u0131 hallar v\u0259 ya t\u0259klifl\u0259riniz varsa \u2014 biz\u0259 rahatl\u0131qla yaza bil\u0259rsiniz. \ud83d\udcec \u018fn q\u0131sa zamanda siz\u0259 cavab ver\u0259c\u0259yik.<\/p>\n","protected":false},"author":1,"featured_media":0,"parent":0,"menu_order":0,"comment_status":"closed","ping_status":"closed","template":"","meta":{"footnotes":""},"class_list":["post-153","page","type-page","status-publish","hentry"],"_links":{"self":[{"href":"https:\/\/findplaces.az\/az\/wp-json\/wp\/v2\/pages\/153","targetHints":{"allow":["GET"]}}],"collection":[{"href":"https:\/\/findplaces.az\/az\/wp-json\/wp\/v2\/pages"}],"about":[{"href":"https:\/\/findplaces.az\/az\/wp-json\/wp\/v2\/types\/page"}],"author":[{"embeddable":true,"href":"https:\/\/findplaces.az\/az\/wp-json\/wp\/v2\/users\/1"}],"replies":[{"embeddable":true,"href":"https:\/\/findplaces.az\/az\/wp-json\/wp\/v2\/comments?post=153"}],"version-history":[{"count":0,"href":"https:\/\/findplaces.az\/az\/wp-json\/wp\/v2\/pages\/153\/revisions"}],"wp:attachment":[{"href":"https:\/\/findplaces.az\/az\/wp-json\/wp\/v2\/media?parent=153"}],"curies":[{"name":"wp","href":"https:\/\/api.w.org\/{rel}","templated":true}]}}