
{"id":150,"date":"2025-04-25T03:02:39","date_gmt":"2025-04-24T23:02:39","guid":{"rendered":"\/tr\/?page_id=150"},"modified":"2026-02-13T00:43:50","modified_gmt":"2026-02-12T20:43:50","slug":"contacts","status":"publish","type":"page","link":"https:\/\/findplaces.az\/tr\/contacts\/","title":{"rendered":"ileti\u015fim bilgileri"},"content":{"rendered":"\n<p>\u015eu anda kullan\u0131c\u0131lar\u0131n kendi ba\u015f\u0131na yer ekleme \u00f6zelli\u011fi ge\u00e7ici olarak devre d\u0131\u015f\u0131d\u0131r.<br>Bir yer eklemek istiyorsan\u0131z veya siteyle ilgili sorular\u0131n\u0131z varsa, l\u00fctfen a\u015fa\u011f\u0131daki formu kullanarak bizimle ileti\u015fime ge\u00e7in.<\/p>\n\n\n\n<p>\u2757\ufe0f<strong>Y\u00f6neticiye yaln\u0131zca y\u00f6netimle ilgili konular i\u00e7in ba\u015fvurun l\u00fctfen!<\/strong><br>E\u011fer sitede anlamad\u0131\u011f\u0131n\u0131z bir \u015fey varsa ya da \u00f6nerileriniz varsa \u2014 bize yazabilirsiniz.<\/p>\n\n\n\n<p>\ud83d\udcec Size en k\u0131sa s\u00fcrede d\u00f6n\u00fc\u015f yapaca\u011f\u0131z.<\/p>\n\n\n\n<hr class=\"wp-block-separator has-alpha-channel-opacity\"\/>\n\n\n\n        <div class=\"feedback-container\">\n            <h3 class=\"feedback-title\">Bize mesaj g\u00f6nderin<\/h3>\n            <form id=\"feedback-form\" class=\"feedback-form\" data-lang=\"tr\">\n                <div class=\"feedback-row\">\n                    <div class=\"feedback-field\">\n                        <label for=\"firstName\" class=\"feedback-label\">Ad<\/label>\n                        <input type=\"text\" id=\"firstName\" name=\"firstName\" class=\"feedback-input\" placeholder=\"Ad\u0131n\u0131z\u0131 girin\" value=\"\" required>\n                    <\/div>\n                    <div class=\"feedback-field\">\n                        <label for=\"lastName\" class=\"feedback-label\">Soyad<\/label>\n                        <input type=\"text\" id=\"lastName\" name=\"lastName\" class=\"feedback-input\" placeholder=\"Soyad\u0131n\u0131z\u0131 girin\" value=\"\" required>\n                    <\/div>\n                <\/div>\n\n                <div class=\"feedback-field\">\n                    <label for=\"email\" class=\"feedback-label\">E-posta<\/label>\n                    <input type=\"email\" id=\"email\" name=\"email\" class=\"feedback-input\" placeholder=\"E-posta adresinizi girin\" value=\"\" required>\n                <\/div>\n\n                <div class=\"feedback-field\">\n                    <label for=\"subject\" class=\"feedback-label\">Konu<\/label>\n                    <select id=\"subject\" name=\"subject\" class=\"feedback-input\" required>\n                        <option value=\"\">Konu se\u00e7in<\/option>\n                        <option value=\"general\">Genel sorgu<\/option>\n                        <option value=\"support\">Teknik destek<\/option>\n                        <option value=\"partnership\">Ortakl\u0131k<\/option>\n                        <option value=\"feedback\">Geri bildirim<\/option>\n                    <\/select>\n                <\/div>\n\n                <div class=\"feedback-field\">\n                    <label for=\"message\" class=\"feedback-label\">Mesaj<\/label>\n                    <textarea id=\"message\" name=\"message\" rows=\"5\" class=\"feedback-input feedback-textarea\" placeholder=\"Size nas\u0131l yard\u0131mc\u0131 olabilece\u011fimizi s\u00f6yleyin...\" required><\/textarea>\n                <\/div>\n\n                                <div class=\"feedback-field\">\n                    <div class=\"g-recaptcha\" data-sitekey=\"6LeKpGksAAAAAN0o-9RZp_PRGlvkT56Y5NsbaN7S\"><\/div>\n                <\/div>\n                \n                <button type=\"submit\" class=\"feedback-submit\">\n                    <svg xmlns=\"http:\/\/www.w3.org\/2000\/svg\" width=\"24\" height=\"24\" viewBox=\"0 0 24 24\" fill=\"none\" stroke=\"currentColor\" stroke-width=\"2\" stroke-linecap=\"round\" stroke-linejoin=\"round\" class=\"feedback-icon\">\n                        <path d=\"M14.536 21.686a.5.5 0 0 0 .937-.024l6.5-19a.496.496 0 0 0-.635-.635l-19 6.5a.5.5 0 0 0-.024.937l7.93 3.18a2 2 0 0 1 1.112 1.11z\"><\/path>\n                        <path d=\"m21.854 2.147-10.94 10.939\"><\/path>\n                    <\/svg>\n                    <span class=\"feedback-submit-text\">Mesaj g\u00f6nder<\/span>\n                <\/button>\n\n                <div class=\"feedback-message\" id=\"feedback-message\"><\/div>\n            <\/form>\n        <\/div>\n        \n","protected":false},"excerpt":{"rendered":"<p>\u015eu anda kullan\u0131c\u0131lar\u0131n kendi ba\u015f\u0131na yer ekleme \u00f6zelli\u011fi ge\u00e7ici olarak devre d\u0131\u015f\u0131d\u0131r.Bir yer eklemek istiyorsan\u0131z veya siteyle ilgili sorular\u0131n\u0131z varsa, l\u00fctfen a\u015fa\u011f\u0131daki formu kullanarak bizimle ileti\u015fime ge\u00e7in. \u2757\ufe0fY\u00f6neticiye yaln\u0131zca y\u00f6netimle ilgili konular i\u00e7in ba\u015fvurun l\u00fctfen!E\u011fer sitede anlamad\u0131\u011f\u0131n\u0131z bir \u015fey varsa ya da \u00f6nerileriniz varsa \u2014 bize yazabilirsiniz. \ud83d\udcec Size en k\u0131sa s\u00fcrede d\u00f6n\u00fc\u015f yapaca\u011f\u0131z.<\/p>\n","protected":false},"author":1,"featured_media":0,"parent":0,"menu_order":0,"comment_status":"closed","ping_status":"closed","template":"","meta":{"footnotes":""},"class_list":["post-150","page","type-page","status-publish","hentry"],"_links":{"self":[{"href":"https:\/\/findplaces.az\/tr\/wp-json\/wp\/v2\/pages\/150","targetHints":{"allow":["GET"]}}],"collection":[{"href":"https:\/\/findplaces.az\/tr\/wp-json\/wp\/v2\/pages"}],"about":[{"href":"https:\/\/findplaces.az\/tr\/wp-json\/wp\/v2\/types\/page"}],"author":[{"embeddable":true,"href":"https:\/\/findplaces.az\/tr\/wp-json\/wp\/v2\/users\/1"}],"replies":[{"embeddable":true,"href":"https:\/\/findplaces.az\/tr\/wp-json\/wp\/v2\/comments?post=150"}],"version-history":[{"count":0,"href":"https:\/\/findplaces.az\/tr\/wp-json\/wp\/v2\/pages\/150\/revisions"}],"wp:attachment":[{"href":"https:\/\/findplaces.az\/tr\/wp-json\/wp\/v2\/media?parent=150"}],"curies":[{"name":"wp","href":"https:\/\/api.w.org\/{rel}","templated":true}]}}